{"id":598,"date":"2023-06-27T17:10:38","date_gmt":"2023-06-27T21:10:38","guid":{"rendered":"https:\/\/rubix.cultureinspired.com\/why-were-different-copy\/"},"modified":"2024-02-28T10:45:56","modified_gmt":"2024-02-28T15:45:56","slug":"notre-difference","status":"publish","type":"page","link":"https:\/\/rubixmarketing.ca\/fr\/notre-difference\/","title":{"rendered":"Notre diff\u00e9rence"},"content":{"rendered":"","protected":false},"excerpt":{"rendered":"","protected":false},"author":1,"featured_media":1624,"parent":0,"menu_order":0,"comment_status":"closed","ping_status":"closed","template":"page--difference.php","meta":{"_acf_changed":false,"footnotes":""},"class_list":["post-598","page","type-page","status-publish","has-post-thumbnail","hentry"],"acf":[],"yoast_head":"<!-- This site is optimized with the Yoast SEO plugin v27.3 - https:\/\/yoast.com\/product\/yoast-seo-wordpress\/ -->\n<title>Notre diff\u00e9rence | Rubix Marketing - Montreal consultancy specializing in brand strategy.<\/title>\n<meta name=\"description\" content=\"Selon nous, le succ\u00e8s d\u2019une strat\u00e9gie repose sur l\u2019ex\u00e9cution. Les deux \u00e9l\u00e9ments sont indissociables. C\u2019est pourquoi nous avons cr\u00e9\u00e9 la notion de STRACTION \u2013 l\u2019intersection o\u00f9 se croisent la strat\u00e9gie et l\u2019action. Nos gestionnaires de projets analysent, planifient, \u00e9laborent, g\u00e8rent et optimisent habilement les initiatives marketing de nos clients afin d\u2019en assurer l\u2019exactitude strat\u00e9gique.\" \/>\n<meta name=\"robots\" content=\"index, follow, max-snippet:-1, max-image-preview:large, max-video-preview:-1\" \/>\n<link rel=\"canonical\" href=\"https:\/\/rubixmarketing.ca\/fr\/notre-difference\/\" \/>\n<meta property=\"og:locale\" content=\"fr_FR\" \/>\n<meta property=\"og:type\" content=\"article\" \/>\n<meta property=\"og:title\" content=\"Notre diff\u00e9rence | Rubix Marketing - Montreal consultancy specializing in brand strategy.\" \/>\n<meta property=\"og:description\" content=\"Selon nous, le succ\u00e8s d\u2019une strat\u00e9gie repose sur l\u2019ex\u00e9cution. Les deux \u00e9l\u00e9ments sont indissociables. C\u2019est pourquoi nous avons cr\u00e9\u00e9 la notion de STRACTION \u2013 l\u2019intersection o\u00f9 se croisent la strat\u00e9gie et l\u2019action. Nos gestionnaires de projets analysent, planifient, \u00e9laborent, g\u00e8rent et optimisent habilement les initiatives marketing de nos clients afin d\u2019en assurer l\u2019exactitude strat\u00e9gique.\" \/>\n<meta property=\"og:url\" content=\"https:\/\/rubixmarketing.ca\/fr\/notre-difference\/\" \/>\n<meta property=\"og:site_name\" content=\"Rubix Marketing\" \/>\n<meta property=\"article:modified_time\" content=\"2024-02-28T15:45:56+00:00\" \/>\n<meta property=\"og:image\" content=\"https:\/\/rubixmarketing.ca\/wp-content\/uploads\/2024\/02\/social.png\" \/>\n\t<meta property=\"og:image:width\" content=\"1200\" \/>\n\t<meta property=\"og:image:height\" content=\"628\" \/>\n\t<meta property=\"og:image:type\" content=\"image\/png\" \/>\n<meta name=\"twitter:card\" content=\"summary_large_image\" \/>\n<script type=\"application\/ld+json\" class=\"yoast-schema-graph\">{\"@context\":\"https:\\\/\\\/schema.org\",\"@graph\":[{\"@type\":\"WebPage\",\"@id\":\"https:\\\/\\\/rubixmarketing.ca\\\/fr\\\/notre-difference\\\/\",\"url\":\"https:\\\/\\\/rubixmarketing.ca\\\/fr\\\/notre-difference\\\/\",\"name\":\"Notre diff\u00e9rence | Rubix Marketing - Montreal consultancy specializing in brand strategy.\",\"isPartOf\":{\"@id\":\"https:\\\/\\\/rubixmarketing.ca\\\/fr\\\/#website\"},\"primaryImageOfPage\":{\"@id\":\"https:\\\/\\\/rubixmarketing.ca\\\/fr\\\/notre-difference\\\/#primaryimage\"},\"image\":{\"@id\":\"https:\\\/\\\/rubixmarketing.ca\\\/fr\\\/notre-difference\\\/#primaryimage\"},\"thumbnailUrl\":\"https:\\\/\\\/rubixmarketing.ca\\\/wp-content\\\/uploads\\\/2024\\\/02\\\/social.png\",\"datePublished\":\"2023-06-27T21:10:38+00:00\",\"dateModified\":\"2024-02-28T15:45:56+00:00\",\"description\":\"Selon nous, le succ\u00e8s d\u2019une strat\u00e9gie repose sur l\u2019ex\u00e9cution. Les deux \u00e9l\u00e9ments sont indissociables. C\u2019est pourquoi nous avons cr\u00e9\u00e9 la notion de STRACTION \u2013 l\u2019intersection o\u00f9 se croisent la strat\u00e9gie et l\u2019action. Nos gestionnaires de projets analysent, planifient, \u00e9laborent, g\u00e8rent et optimisent habilement les initiatives marketing de nos clients afin d\u2019en assurer l\u2019exactitude strat\u00e9gique.\",\"breadcrumb\":{\"@id\":\"https:\\\/\\\/rubixmarketing.ca\\\/fr\\\/notre-difference\\\/#breadcrumb\"},\"inLanguage\":\"fr-FR\",\"potentialAction\":[{\"@type\":\"ReadAction\",\"target\":[\"https:\\\/\\\/rubixmarketing.ca\\\/fr\\\/notre-difference\\\/\"]}]},{\"@type\":\"ImageObject\",\"inLanguage\":\"fr-FR\",\"@id\":\"https:\\\/\\\/rubixmarketing.ca\\\/fr\\\/notre-difference\\\/#primaryimage\",\"url\":\"https:\\\/\\\/rubixmarketing.ca\\\/wp-content\\\/uploads\\\/2024\\\/02\\\/social.png\",\"contentUrl\":\"https:\\\/\\\/rubixmarketing.ca\\\/wp-content\\\/uploads\\\/2024\\\/02\\\/social.png\",\"width\":1200,\"height\":628},{\"@type\":\"BreadcrumbList\",\"@id\":\"https:\\\/\\\/rubixmarketing.ca\\\/fr\\\/notre-difference\\\/#breadcrumb\",\"itemListElement\":[{\"@type\":\"ListItem\",\"position\":1,\"name\":\"Home\",\"item\":\"https:\\\/\\\/rubixmarketing.ca\\\/fr\\\/\"},{\"@type\":\"ListItem\",\"position\":2,\"name\":\"Notre diff\u00e9rence\"}]},{\"@type\":\"WebSite\",\"@id\":\"https:\\\/\\\/rubixmarketing.ca\\\/fr\\\/#website\",\"url\":\"https:\\\/\\\/rubixmarketing.ca\\\/fr\\\/\",\"name\":\"Rubix Marketing\",\"description\":\"Montreal consultancy specializing in brand strategy.\",\"potentialAction\":[{\"@type\":\"SearchAction\",\"target\":{\"@type\":\"EntryPoint\",\"urlTemplate\":\"https:\\\/\\\/rubixmarketing.ca\\\/fr\\\/?s={search_term_string}\"},\"query-input\":{\"@type\":\"PropertyValueSpecification\",\"valueRequired\":true,\"valueName\":\"search_term_string\"}}],\"inLanguage\":\"fr-FR\"}]}<\/script>\n<!-- \/ Yoast SEO plugin. -->","yoast_head_json":{"title":"Notre diff\u00e9rence | Rubix Marketing - Montreal consultancy specializing in brand strategy.","description":"Selon nous, le succ\u00e8s d\u2019une strat\u00e9gie repose sur l\u2019ex\u00e9cution. Les deux \u00e9l\u00e9ments sont indissociables. C\u2019est pourquoi nous avons cr\u00e9\u00e9 la notion de STRACTION \u2013 l\u2019intersection o\u00f9 se croisent la strat\u00e9gie et l\u2019action. Nos gestionnaires de projets analysent, planifient, \u00e9laborent, g\u00e8rent et optimisent habilement les initiatives marketing de nos clients afin d\u2019en assurer l\u2019exactitude strat\u00e9gique.","robots":{"index":"index","follow":"follow","max-snippet":"max-snippet:-1","max-image-preview":"max-image-preview:large","max-video-preview":"max-video-preview:-1"},"canonical":"https:\/\/rubixmarketing.ca\/fr\/notre-difference\/","og_locale":"fr_FR","og_type":"article","og_title":"Notre diff\u00e9rence | Rubix Marketing - Montreal consultancy specializing in brand strategy.","og_description":"Selon nous, le succ\u00e8s d\u2019une strat\u00e9gie repose sur l\u2019ex\u00e9cution. Les deux \u00e9l\u00e9ments sont indissociables. C\u2019est pourquoi nous avons cr\u00e9\u00e9 la notion de STRACTION \u2013 l\u2019intersection o\u00f9 se croisent la strat\u00e9gie et l\u2019action. Nos gestionnaires de projets analysent, planifient, \u00e9laborent, g\u00e8rent et optimisent habilement les initiatives marketing de nos clients afin d\u2019en assurer l\u2019exactitude strat\u00e9gique.","og_url":"https:\/\/rubixmarketing.ca\/fr\/notre-difference\/","og_site_name":"Rubix Marketing","article_modified_time":"2024-02-28T15:45:56+00:00","og_image":[{"width":1200,"height":628,"url":"https:\/\/rubixmarketing.ca\/wp-content\/uploads\/2024\/02\/social.png","type":"image\/png"}],"twitter_card":"summary_large_image","schema":{"@context":"https:\/\/schema.org","@graph":[{"@type":"WebPage","@id":"https:\/\/rubixmarketing.ca\/fr\/notre-difference\/","url":"https:\/\/rubixmarketing.ca\/fr\/notre-difference\/","name":"Notre diff\u00e9rence | Rubix Marketing - Montreal consultancy specializing in brand strategy.","isPartOf":{"@id":"https:\/\/rubixmarketing.ca\/fr\/#website"},"primaryImageOfPage":{"@id":"https:\/\/rubixmarketing.ca\/fr\/notre-difference\/#primaryimage"},"image":{"@id":"https:\/\/rubixmarketing.ca\/fr\/notre-difference\/#primaryimage"},"thumbnailUrl":"https:\/\/rubixmarketing.ca\/wp-content\/uploads\/2024\/02\/social.png","datePublished":"2023-06-27T21:10:38+00:00","dateModified":"2024-02-28T15:45:56+00:00","description":"Selon nous, le succ\u00e8s d\u2019une strat\u00e9gie repose sur l\u2019ex\u00e9cution. Les deux \u00e9l\u00e9ments sont indissociables. C\u2019est pourquoi nous avons cr\u00e9\u00e9 la notion de STRACTION \u2013 l\u2019intersection o\u00f9 se croisent la strat\u00e9gie et l\u2019action. Nos gestionnaires de projets analysent, planifient, \u00e9laborent, g\u00e8rent et optimisent habilement les initiatives marketing de nos clients afin d\u2019en assurer l\u2019exactitude strat\u00e9gique.","breadcrumb":{"@id":"https:\/\/rubixmarketing.ca\/fr\/notre-difference\/#breadcrumb"},"inLanguage":"fr-FR","potentialAction":[{"@type":"ReadAction","target":["https:\/\/rubixmarketing.ca\/fr\/notre-difference\/"]}]},{"@type":"ImageObject","inLanguage":"fr-FR","@id":"https:\/\/rubixmarketing.ca\/fr\/notre-difference\/#primaryimage","url":"https:\/\/rubixmarketing.ca\/wp-content\/uploads\/2024\/02\/social.png","contentUrl":"https:\/\/rubixmarketing.ca\/wp-content\/uploads\/2024\/02\/social.png","width":1200,"height":628},{"@type":"BreadcrumbList","@id":"https:\/\/rubixmarketing.ca\/fr\/notre-difference\/#breadcrumb","itemListElement":[{"@type":"ListItem","position":1,"name":"Home","item":"https:\/\/rubixmarketing.ca\/fr\/"},{"@type":"ListItem","position":2,"name":"Notre diff\u00e9rence"}]},{"@type":"WebSite","@id":"https:\/\/rubixmarketing.ca\/fr\/#website","url":"https:\/\/rubixmarketing.ca\/fr\/","name":"Rubix Marketing","description":"Montreal consultancy specializing in brand strategy.","potentialAction":[{"@type":"SearchAction","target":{"@type":"EntryPoint","urlTemplate":"https:\/\/rubixmarketing.ca\/fr\/?s={search_term_string}"},"query-input":{"@type":"PropertyValueSpecification","valueRequired":true,"valueName":"search_term_string"}}],"inLanguage":"fr-FR"}]}},"_links":{"self":[{"href":"https:\/\/rubixmarketing.ca\/fr\/wp-json\/wp\/v2\/pages\/598","targetHints":{"allow":["GET"]}}],"collection":[{"href":"https:\/\/rubixmarketing.ca\/fr\/wp-json\/wp\/v2\/pages"}],"about":[{"href":"https:\/\/rubixmarketing.ca\/fr\/wp-json\/wp\/v2\/types\/page"}],"author":[{"embeddable":true,"href":"https:\/\/rubixmarketing.ca\/fr\/wp-json\/wp\/v2\/users\/1"}],"replies":[{"embeddable":true,"href":"https:\/\/rubixmarketing.ca\/fr\/wp-json\/wp\/v2\/comments?post=598"}],"version-history":[{"count":0,"href":"https:\/\/rubixmarketing.ca\/fr\/wp-json\/wp\/v2\/pages\/598\/revisions"}],"wp:featuredmedia":[{"embeddable":true,"href":"https:\/\/rubixmarketing.ca\/fr\/wp-json\/wp\/v2\/media\/1624"}],"wp:attachment":[{"href":"https:\/\/rubixmarketing.ca\/fr\/wp-json\/wp\/v2\/media?parent=598"}],"curies":[{"name":"wp","href":"https:\/\/api.w.org\/{rel}","templated":true}]}}