{"id":596,"date":"2023-06-27T17:06:24","date_gmt":"2023-06-27T21:06:24","guid":{"rendered":"https:\/\/rubix.cultureinspired.com\/blog-copy\/"},"modified":"2026-03-05T09:40:26","modified_gmt":"2026-03-05T14:40:26","slug":"blogue","status":"publish","type":"page","link":"https:\/\/rubixmarketing.ca\/fr\/blogue\/","title":{"rendered":"Blogue"},"content":{"rendered":"","protected":false},"excerpt":{"rendered":"","protected":false},"author":1,"featured_media":1624,"parent":0,"menu_order":0,"comment_status":"closed","ping_status":"closed","template":"page--blog.php","meta":{"_acf_changed":false,"footnotes":""},"class_list":["post-596","page","type-page","status-publish","has-post-thumbnail","hentry"],"acf":[],"yoast_head":"<!-- This site is optimized with the Yoast SEO plugin v27.3 - https:\/\/yoast.com\/product\/yoast-seo-wordpress\/ -->\n<title>Blogue | Rubix Marketing - Montreal consultancy specializing in brand strategy.<\/title>\n<meta name=\"description\" content=\"Pour faire les choses autrement, il faut penser autrement. D\u00e9couvrez les derni\u00e8res actualit\u00e9s marketing, les informations sur le secteur et les id\u00e9es des experts de l\u2019\u00e9quipe Rubix sur notre blogue officiel.\" \/>\n<meta name=\"robots\" content=\"index, follow, max-snippet:-1, max-image-preview:large, max-video-preview:-1\" \/>\n<link rel=\"canonical\" href=\"https:\/\/rubixmarketing.ca\/fr\/blogue\/\" \/>\n<meta property=\"og:locale\" content=\"fr_FR\" \/>\n<meta property=\"og:type\" content=\"article\" \/>\n<meta property=\"og:title\" content=\"Blogue | Rubix Marketing - Montreal consultancy specializing in brand strategy.\" \/>\n<meta property=\"og:description\" content=\"Pour faire les choses autrement, il faut penser autrement. D\u00e9couvrez les derni\u00e8res actualit\u00e9s marketing, les informations sur le secteur et les id\u00e9es des experts de l\u2019\u00e9quipe Rubix sur notre blogue officiel.\" \/>\n<meta property=\"og:url\" content=\"https:\/\/rubixmarketing.ca\/fr\/blogue\/\" \/>\n<meta property=\"og:site_name\" content=\"Rubix Marketing\" \/>\n<meta property=\"article:modified_time\" content=\"2026-03-05T14:40:26+00:00\" \/>\n<meta property=\"og:image\" content=\"https:\/\/rubixmarketing.ca\/wp-content\/uploads\/2024\/02\/social.png\" \/>\n\t<meta property=\"og:image:width\" content=\"1200\" \/>\n\t<meta property=\"og:image:height\" content=\"628\" \/>\n\t<meta property=\"og:image:type\" content=\"image\/png\" \/>\n<meta name=\"twitter:card\" content=\"summary_large_image\" \/>\n<script type=\"application\/ld+json\" class=\"yoast-schema-graph\">{\"@context\":\"https:\\\/\\\/schema.org\",\"@graph\":[{\"@type\":\"WebPage\",\"@id\":\"https:\\\/\\\/rubixmarketing.ca\\\/fr\\\/blogue\\\/\",\"url\":\"https:\\\/\\\/rubixmarketing.ca\\\/fr\\\/blogue\\\/\",\"name\":\"Blogue | Rubix Marketing - Montreal consultancy specializing in brand strategy.\",\"isPartOf\":{\"@id\":\"https:\\\/\\\/rubixmarketing.ca\\\/fr\\\/#website\"},\"primaryImageOfPage\":{\"@id\":\"https:\\\/\\\/rubixmarketing.ca\\\/fr\\\/blogue\\\/#primaryimage\"},\"image\":{\"@id\":\"https:\\\/\\\/rubixmarketing.ca\\\/fr\\\/blogue\\\/#primaryimage\"},\"thumbnailUrl\":\"https:\\\/\\\/rubixmarketing.ca\\\/wp-content\\\/uploads\\\/2024\\\/02\\\/social.png\",\"datePublished\":\"2023-06-27T21:06:24+00:00\",\"dateModified\":\"2026-03-05T14:40:26+00:00\",\"description\":\"Pour faire les choses autrement, il faut penser autrement. D\u00e9couvrez les derni\u00e8res actualit\u00e9s marketing, les informations sur le secteur et les id\u00e9es des experts de l\u2019\u00e9quipe Rubix sur notre blogue officiel.\",\"breadcrumb\":{\"@id\":\"https:\\\/\\\/rubixmarketing.ca\\\/fr\\\/blogue\\\/#breadcrumb\"},\"inLanguage\":\"fr-FR\",\"potentialAction\":[{\"@type\":\"ReadAction\",\"target\":[\"https:\\\/\\\/rubixmarketing.ca\\\/fr\\\/blogue\\\/\"]}]},{\"@type\":\"ImageObject\",\"inLanguage\":\"fr-FR\",\"@id\":\"https:\\\/\\\/rubixmarketing.ca\\\/fr\\\/blogue\\\/#primaryimage\",\"url\":\"https:\\\/\\\/rubixmarketing.ca\\\/wp-content\\\/uploads\\\/2024\\\/02\\\/social.png\",\"contentUrl\":\"https:\\\/\\\/rubixmarketing.ca\\\/wp-content\\\/uploads\\\/2024\\\/02\\\/social.png\",\"width\":1200,\"height\":628},{\"@type\":\"BreadcrumbList\",\"@id\":\"https:\\\/\\\/rubixmarketing.ca\\\/fr\\\/blogue\\\/#breadcrumb\",\"itemListElement\":[{\"@type\":\"ListItem\",\"position\":1,\"name\":\"Home\",\"item\":\"https:\\\/\\\/rubixmarketing.ca\\\/fr\\\/\"},{\"@type\":\"ListItem\",\"position\":2,\"name\":\"Blogue\"}]},{\"@type\":\"WebSite\",\"@id\":\"https:\\\/\\\/rubixmarketing.ca\\\/fr\\\/#website\",\"url\":\"https:\\\/\\\/rubixmarketing.ca\\\/fr\\\/\",\"name\":\"Rubix Marketing\",\"description\":\"Montreal consultancy specializing in brand strategy.\",\"potentialAction\":[{\"@type\":\"SearchAction\",\"target\":{\"@type\":\"EntryPoint\",\"urlTemplate\":\"https:\\\/\\\/rubixmarketing.ca\\\/fr\\\/?s={search_term_string}\"},\"query-input\":{\"@type\":\"PropertyValueSpecification\",\"valueRequired\":true,\"valueName\":\"search_term_string\"}}],\"inLanguage\":\"fr-FR\"}]}<\/script>\n<!-- \/ Yoast SEO plugin. -->","yoast_head_json":{"title":"Blogue | Rubix Marketing - Montreal consultancy specializing in brand strategy.","description":"Pour faire les choses autrement, il faut penser autrement. D\u00e9couvrez les derni\u00e8res actualit\u00e9s marketing, les informations sur le secteur et les id\u00e9es des experts de l\u2019\u00e9quipe Rubix sur notre blogue officiel.","robots":{"index":"index","follow":"follow","max-snippet":"max-snippet:-1","max-image-preview":"max-image-preview:large","max-video-preview":"max-video-preview:-1"},"canonical":"https:\/\/rubixmarketing.ca\/fr\/blogue\/","og_locale":"fr_FR","og_type":"article","og_title":"Blogue | Rubix Marketing - Montreal consultancy specializing in brand strategy.","og_description":"Pour faire les choses autrement, il faut penser autrement. D\u00e9couvrez les derni\u00e8res actualit\u00e9s marketing, les informations sur le secteur et les id\u00e9es des experts de l\u2019\u00e9quipe Rubix sur notre blogue officiel.","og_url":"https:\/\/rubixmarketing.ca\/fr\/blogue\/","og_site_name":"Rubix Marketing","article_modified_time":"2026-03-05T14:40:26+00:00","og_image":[{"width":1200,"height":628,"url":"https:\/\/rubixmarketing.ca\/wp-content\/uploads\/2024\/02\/social.png","type":"image\/png"}],"twitter_card":"summary_large_image","schema":{"@context":"https:\/\/schema.org","@graph":[{"@type":"WebPage","@id":"https:\/\/rubixmarketing.ca\/fr\/blogue\/","url":"https:\/\/rubixmarketing.ca\/fr\/blogue\/","name":"Blogue | Rubix Marketing - Montreal consultancy specializing in brand strategy.","isPartOf":{"@id":"https:\/\/rubixmarketing.ca\/fr\/#website"},"primaryImageOfPage":{"@id":"https:\/\/rubixmarketing.ca\/fr\/blogue\/#primaryimage"},"image":{"@id":"https:\/\/rubixmarketing.ca\/fr\/blogue\/#primaryimage"},"thumbnailUrl":"https:\/\/rubixmarketing.ca\/wp-content\/uploads\/2024\/02\/social.png","datePublished":"2023-06-27T21:06:24+00:00","dateModified":"2026-03-05T14:40:26+00:00","description":"Pour faire les choses autrement, il faut penser autrement. D\u00e9couvrez les derni\u00e8res actualit\u00e9s marketing, les informations sur le secteur et les id\u00e9es des experts de l\u2019\u00e9quipe Rubix sur notre blogue officiel.","breadcrumb":{"@id":"https:\/\/rubixmarketing.ca\/fr\/blogue\/#breadcrumb"},"inLanguage":"fr-FR","potentialAction":[{"@type":"ReadAction","target":["https:\/\/rubixmarketing.ca\/fr\/blogue\/"]}]},{"@type":"ImageObject","inLanguage":"fr-FR","@id":"https:\/\/rubixmarketing.ca\/fr\/blogue\/#primaryimage","url":"https:\/\/rubixmarketing.ca\/wp-content\/uploads\/2024\/02\/social.png","contentUrl":"https:\/\/rubixmarketing.ca\/wp-content\/uploads\/2024\/02\/social.png","width":1200,"height":628},{"@type":"BreadcrumbList","@id":"https:\/\/rubixmarketing.ca\/fr\/blogue\/#breadcrumb","itemListElement":[{"@type":"ListItem","position":1,"name":"Home","item":"https:\/\/rubixmarketing.ca\/fr\/"},{"@type":"ListItem","position":2,"name":"Blogue"}]},{"@type":"WebSite","@id":"https:\/\/rubixmarketing.ca\/fr\/#website","url":"https:\/\/rubixmarketing.ca\/fr\/","name":"Rubix Marketing","description":"Montreal consultancy specializing in brand strategy.","potentialAction":[{"@type":"SearchAction","target":{"@type":"EntryPoint","urlTemplate":"https:\/\/rubixmarketing.ca\/fr\/?s={search_term_string}"},"query-input":{"@type":"PropertyValueSpecification","valueRequired":true,"valueName":"search_term_string"}}],"inLanguage":"fr-FR"}]}},"_links":{"self":[{"href":"https:\/\/rubixmarketing.ca\/fr\/wp-json\/wp\/v2\/pages\/596","targetHints":{"allow":["GET"]}}],"collection":[{"href":"https:\/\/rubixmarketing.ca\/fr\/wp-json\/wp\/v2\/pages"}],"about":[{"href":"https:\/\/rubixmarketing.ca\/fr\/wp-json\/wp\/v2\/types\/page"}],"author":[{"embeddable":true,"href":"https:\/\/rubixmarketing.ca\/fr\/wp-json\/wp\/v2\/users\/1"}],"replies":[{"embeddable":true,"href":"https:\/\/rubixmarketing.ca\/fr\/wp-json\/wp\/v2\/comments?post=596"}],"version-history":[{"count":3,"href":"https:\/\/rubixmarketing.ca\/fr\/wp-json\/wp\/v2\/pages\/596\/revisions"}],"predecessor-version":[{"id":2015,"href":"https:\/\/rubixmarketing.ca\/fr\/wp-json\/wp\/v2\/pages\/596\/revisions\/2015"}],"wp:featuredmedia":[{"embeddable":true,"href":"https:\/\/rubixmarketing.ca\/fr\/wp-json\/wp\/v2\/media\/1624"}],"wp:attachment":[{"href":"https:\/\/rubixmarketing.ca\/fr\/wp-json\/wp\/v2\/media?parent=596"}],"curies":[{"name":"wp","href":"https:\/\/api.w.org\/{rel}","templated":true}]}}