{"id":590,"date":"2023-06-27T16:56:03","date_gmt":"2023-06-27T20:56:03","guid":{"rendered":"https:\/\/rubix.cultureinspired.com\/who-we-are-copy\/"},"modified":"2024-09-24T12:10:12","modified_gmt":"2024-09-24T16:10:12","slug":"notre-raison-etre","status":"publish","type":"page","link":"https:\/\/rubixmarketing.ca\/fr\/notre-raison-etre\/","title":{"rendered":"Qui nous sommes"},"content":{"rendered":"","protected":false},"excerpt":{"rendered":"","protected":false},"author":1,"featured_media":1624,"parent":0,"menu_order":0,"comment_status":"closed","ping_status":"closed","template":"page--who-we-are.php","meta":{"_acf_changed":false,"footnotes":""},"class_list":["post-590","page","type-page","status-publish","has-post-thumbnail","hentry"],"acf":[],"yoast_head":"<!-- This site is optimized with the Yoast SEO plugin v27.3 - https:\/\/yoast.com\/product\/yoast-seo-wordpress\/ -->\n<title>Qui nous sommes | Rubix Marketing - Montreal consultancy specializing in brand strategy.<\/title>\n<meta name=\"description\" content=\"Rubix Marketing est n\u00e9e en avril 2017 avec l\u2019objectif d\u2019offrir des services de planification strat\u00e9gique et de marketing int\u00e9gr\u00e9 aux entreprises B2C et B2B d\u2019une vari\u00e9t\u00e9 de secteurs, incluant la sant\u00e9 et le bien-\u00eatre, la mode, la techno, les organismes \u00e0 but non lucratif et l\u2019industrie manufacturi\u00e8re.\" \/>\n<meta name=\"robots\" content=\"index, follow, max-snippet:-1, max-image-preview:large, max-video-preview:-1\" \/>\n<link rel=\"canonical\" href=\"https:\/\/rubixmarketing.ca\/fr\/notre-raison-etre\/\" \/>\n<meta property=\"og:locale\" content=\"fr_FR\" \/>\n<meta property=\"og:type\" content=\"article\" \/>\n<meta property=\"og:title\" content=\"Qui nous sommes | Rubix Marketing - Montreal consultancy specializing in brand strategy.\" \/>\n<meta property=\"og:description\" content=\"Rubix Marketing est n\u00e9e en avril 2017 avec l\u2019objectif d\u2019offrir des services de planification strat\u00e9gique et de marketing int\u00e9gr\u00e9 aux entreprises B2C et B2B d\u2019une vari\u00e9t\u00e9 de secteurs, incluant la sant\u00e9 et le bien-\u00eatre, la mode, la techno, les organismes \u00e0 but non lucratif et l\u2019industrie manufacturi\u00e8re.\" \/>\n<meta property=\"og:url\" content=\"https:\/\/rubixmarketing.ca\/fr\/notre-raison-etre\/\" \/>\n<meta property=\"og:site_name\" content=\"Rubix Marketing\" \/>\n<meta property=\"article:modified_time\" content=\"2024-09-24T16:10:12+00:00\" \/>\n<meta property=\"og:image\" content=\"https:\/\/rubixmarketing.ca\/wp-content\/uploads\/2024\/02\/social.png\" \/>\n\t<meta property=\"og:image:width\" content=\"1200\" \/>\n\t<meta property=\"og:image:height\" content=\"628\" \/>\n\t<meta property=\"og:image:type\" content=\"image\/png\" \/>\n<meta name=\"twitter:card\" content=\"summary_large_image\" \/>\n<script type=\"application\/ld+json\" class=\"yoast-schema-graph\">{\"@context\":\"https:\\\/\\\/schema.org\",\"@graph\":[{\"@type\":\"WebPage\",\"@id\":\"https:\\\/\\\/rubixmarketing.ca\\\/fr\\\/notre-raison-etre\\\/\",\"url\":\"https:\\\/\\\/rubixmarketing.ca\\\/fr\\\/notre-raison-etre\\\/\",\"name\":\"Qui nous sommes | Rubix Marketing - Montreal consultancy specializing in brand strategy.\",\"isPartOf\":{\"@id\":\"https:\\\/\\\/rubixmarketing.ca\\\/fr\\\/#website\"},\"primaryImageOfPage\":{\"@id\":\"https:\\\/\\\/rubixmarketing.ca\\\/fr\\\/notre-raison-etre\\\/#primaryimage\"},\"image\":{\"@id\":\"https:\\\/\\\/rubixmarketing.ca\\\/fr\\\/notre-raison-etre\\\/#primaryimage\"},\"thumbnailUrl\":\"https:\\\/\\\/rubixmarketing.ca\\\/wp-content\\\/uploads\\\/2024\\\/02\\\/social.png\",\"datePublished\":\"2023-06-27T20:56:03+00:00\",\"dateModified\":\"2024-09-24T16:10:12+00:00\",\"description\":\"Rubix Marketing est n\u00e9e en avril 2017 avec l\u2019objectif d\u2019offrir des services de planification strat\u00e9gique et de marketing int\u00e9gr\u00e9 aux entreprises B2C et B2B d\u2019une vari\u00e9t\u00e9 de secteurs, incluant la sant\u00e9 et le bien-\u00eatre, la mode, la techno, les organismes \u00e0 but non lucratif et l\u2019industrie manufacturi\u00e8re.\",\"breadcrumb\":{\"@id\":\"https:\\\/\\\/rubixmarketing.ca\\\/fr\\\/notre-raison-etre\\\/#breadcrumb\"},\"inLanguage\":\"fr-FR\",\"potentialAction\":[{\"@type\":\"ReadAction\",\"target\":[\"https:\\\/\\\/rubixmarketing.ca\\\/fr\\\/notre-raison-etre\\\/\"]}]},{\"@type\":\"ImageObject\",\"inLanguage\":\"fr-FR\",\"@id\":\"https:\\\/\\\/rubixmarketing.ca\\\/fr\\\/notre-raison-etre\\\/#primaryimage\",\"url\":\"https:\\\/\\\/rubixmarketing.ca\\\/wp-content\\\/uploads\\\/2024\\\/02\\\/social.png\",\"contentUrl\":\"https:\\\/\\\/rubixmarketing.ca\\\/wp-content\\\/uploads\\\/2024\\\/02\\\/social.png\",\"width\":1200,\"height\":628},{\"@type\":\"BreadcrumbList\",\"@id\":\"https:\\\/\\\/rubixmarketing.ca\\\/fr\\\/notre-raison-etre\\\/#breadcrumb\",\"itemListElement\":[{\"@type\":\"ListItem\",\"position\":1,\"name\":\"Home\",\"item\":\"https:\\\/\\\/rubixmarketing.ca\\\/fr\\\/\"},{\"@type\":\"ListItem\",\"position\":2,\"name\":\"Qui nous sommes\"}]},{\"@type\":\"WebSite\",\"@id\":\"https:\\\/\\\/rubixmarketing.ca\\\/fr\\\/#website\",\"url\":\"https:\\\/\\\/rubixmarketing.ca\\\/fr\\\/\",\"name\":\"Rubix Marketing\",\"description\":\"Montreal consultancy specializing in brand strategy.\",\"potentialAction\":[{\"@type\":\"SearchAction\",\"target\":{\"@type\":\"EntryPoint\",\"urlTemplate\":\"https:\\\/\\\/rubixmarketing.ca\\\/fr\\\/?s={search_term_string}\"},\"query-input\":{\"@type\":\"PropertyValueSpecification\",\"valueRequired\":true,\"valueName\":\"search_term_string\"}}],\"inLanguage\":\"fr-FR\"}]}<\/script>\n<!-- \/ Yoast SEO plugin. -->","yoast_head_json":{"title":"Qui nous sommes | Rubix Marketing - Montreal consultancy specializing in brand strategy.","description":"Rubix Marketing est n\u00e9e en avril 2017 avec l\u2019objectif d\u2019offrir des services de planification strat\u00e9gique et de marketing int\u00e9gr\u00e9 aux entreprises B2C et B2B d\u2019une vari\u00e9t\u00e9 de secteurs, incluant la sant\u00e9 et le bien-\u00eatre, la mode, la techno, les organismes \u00e0 but non lucratif et l\u2019industrie manufacturi\u00e8re.","robots":{"index":"index","follow":"follow","max-snippet":"max-snippet:-1","max-image-preview":"max-image-preview:large","max-video-preview":"max-video-preview:-1"},"canonical":"https:\/\/rubixmarketing.ca\/fr\/notre-raison-etre\/","og_locale":"fr_FR","og_type":"article","og_title":"Qui nous sommes | Rubix Marketing - Montreal consultancy specializing in brand strategy.","og_description":"Rubix Marketing est n\u00e9e en avril 2017 avec l\u2019objectif d\u2019offrir des services de planification strat\u00e9gique et de marketing int\u00e9gr\u00e9 aux entreprises B2C et B2B d\u2019une vari\u00e9t\u00e9 de secteurs, incluant la sant\u00e9 et le bien-\u00eatre, la mode, la techno, les organismes \u00e0 but non lucratif et l\u2019industrie manufacturi\u00e8re.","og_url":"https:\/\/rubixmarketing.ca\/fr\/notre-raison-etre\/","og_site_name":"Rubix Marketing","article_modified_time":"2024-09-24T16:10:12+00:00","og_image":[{"width":1200,"height":628,"url":"https:\/\/rubixmarketing.ca\/wp-content\/uploads\/2024\/02\/social.png","type":"image\/png"}],"twitter_card":"summary_large_image","schema":{"@context":"https:\/\/schema.org","@graph":[{"@type":"WebPage","@id":"https:\/\/rubixmarketing.ca\/fr\/notre-raison-etre\/","url":"https:\/\/rubixmarketing.ca\/fr\/notre-raison-etre\/","name":"Qui nous sommes | Rubix Marketing - Montreal consultancy specializing in brand strategy.","isPartOf":{"@id":"https:\/\/rubixmarketing.ca\/fr\/#website"},"primaryImageOfPage":{"@id":"https:\/\/rubixmarketing.ca\/fr\/notre-raison-etre\/#primaryimage"},"image":{"@id":"https:\/\/rubixmarketing.ca\/fr\/notre-raison-etre\/#primaryimage"},"thumbnailUrl":"https:\/\/rubixmarketing.ca\/wp-content\/uploads\/2024\/02\/social.png","datePublished":"2023-06-27T20:56:03+00:00","dateModified":"2024-09-24T16:10:12+00:00","description":"Rubix Marketing est n\u00e9e en avril 2017 avec l\u2019objectif d\u2019offrir des services de planification strat\u00e9gique et de marketing int\u00e9gr\u00e9 aux entreprises B2C et B2B d\u2019une vari\u00e9t\u00e9 de secteurs, incluant la sant\u00e9 et le bien-\u00eatre, la mode, la techno, les organismes \u00e0 but non lucratif et l\u2019industrie manufacturi\u00e8re.","breadcrumb":{"@id":"https:\/\/rubixmarketing.ca\/fr\/notre-raison-etre\/#breadcrumb"},"inLanguage":"fr-FR","potentialAction":[{"@type":"ReadAction","target":["https:\/\/rubixmarketing.ca\/fr\/notre-raison-etre\/"]}]},{"@type":"ImageObject","inLanguage":"fr-FR","@id":"https:\/\/rubixmarketing.ca\/fr\/notre-raison-etre\/#primaryimage","url":"https:\/\/rubixmarketing.ca\/wp-content\/uploads\/2024\/02\/social.png","contentUrl":"https:\/\/rubixmarketing.ca\/wp-content\/uploads\/2024\/02\/social.png","width":1200,"height":628},{"@type":"BreadcrumbList","@id":"https:\/\/rubixmarketing.ca\/fr\/notre-raison-etre\/#breadcrumb","itemListElement":[{"@type":"ListItem","position":1,"name":"Home","item":"https:\/\/rubixmarketing.ca\/fr\/"},{"@type":"ListItem","position":2,"name":"Qui nous sommes"}]},{"@type":"WebSite","@id":"https:\/\/rubixmarketing.ca\/fr\/#website","url":"https:\/\/rubixmarketing.ca\/fr\/","name":"Rubix Marketing","description":"Montreal consultancy specializing in brand strategy.","potentialAction":[{"@type":"SearchAction","target":{"@type":"EntryPoint","urlTemplate":"https:\/\/rubixmarketing.ca\/fr\/?s={search_term_string}"},"query-input":{"@type":"PropertyValueSpecification","valueRequired":true,"valueName":"search_term_string"}}],"inLanguage":"fr-FR"}]}},"_links":{"self":[{"href":"https:\/\/rubixmarketing.ca\/fr\/wp-json\/wp\/v2\/pages\/590","targetHints":{"allow":["GET"]}}],"collection":[{"href":"https:\/\/rubixmarketing.ca\/fr\/wp-json\/wp\/v2\/pages"}],"about":[{"href":"https:\/\/rubixmarketing.ca\/fr\/wp-json\/wp\/v2\/types\/page"}],"author":[{"embeddable":true,"href":"https:\/\/rubixmarketing.ca\/fr\/wp-json\/wp\/v2\/users\/1"}],"replies":[{"embeddable":true,"href":"https:\/\/rubixmarketing.ca\/fr\/wp-json\/wp\/v2\/comments?post=590"}],"version-history":[{"count":2,"href":"https:\/\/rubixmarketing.ca\/fr\/wp-json\/wp\/v2\/pages\/590\/revisions"}],"predecessor-version":[{"id":1722,"href":"https:\/\/rubixmarketing.ca\/fr\/wp-json\/wp\/v2\/pages\/590\/revisions\/1722"}],"wp:featuredmedia":[{"embeddable":true,"href":"https:\/\/rubixmarketing.ca\/fr\/wp-json\/wp\/v2\/media\/1624"}],"wp:attachment":[{"href":"https:\/\/rubixmarketing.ca\/fr\/wp-json\/wp\/v2\/media?parent=590"}],"curies":[{"name":"wp","href":"https:\/\/api.w.org\/{rel}","templated":true}]}}