{"id":579,"date":"2023-06-27T16:26:02","date_gmt":"2023-06-27T20:26:02","guid":{"rendered":"https:\/\/rubix.cultureinspired.com\/our-services-copy\/"},"modified":"2024-02-21T10:48:44","modified_gmt":"2024-02-21T15:48:44","slug":"nos-services","status":"publish","type":"page","link":"https:\/\/rubixmarketing.ca\/fr\/nos-services\/","title":{"rendered":"Nos services"},"content":{"rendered":"","protected":false},"excerpt":{"rendered":"","protected":false},"author":1,"featured_media":1624,"parent":0,"menu_order":0,"comment_status":"closed","ping_status":"closed","template":"page--services.php","meta":{"_acf_changed":false,"footnotes":""},"class_list":["post-579","page","type-page","status-publish","has-post-thumbnail","hentry"],"acf":[],"yoast_head":"<!-- This site is optimized with the Yoast SEO plugin v27.3 - https:\/\/yoast.com\/product\/yoast-seo-wordpress\/ -->\n<title>Nos services | Rubix Marketing - Montreal consultancy specializing in brand strategy.<\/title>\n<meta name=\"description\" content=\"Notre \u00e9quipe interne pilote l\u2019ex\u00e9cution de votre plan marketing de A \u00e0 Z. Nous sommes \u00e0 vos c\u00f4t\u00e9s \u00e0 chaque \u00e9tape \u2013 du d\u00e9veloppement de la marque au lancement de la campagne et m\u00eame apr\u00e8s. D\u00e9termin\u00e9s \u00e0 faire les choses autrement, nous changeons la fa\u00e7on dont les marques sont mises en march\u00e9.\" \/>\n<meta name=\"robots\" content=\"index, follow, max-snippet:-1, max-image-preview:large, max-video-preview:-1\" \/>\n<link rel=\"canonical\" href=\"https:\/\/rubixmarketing.ca\/fr\/nos-services\/\" \/>\n<meta property=\"og:locale\" content=\"fr_FR\" \/>\n<meta property=\"og:type\" content=\"article\" \/>\n<meta property=\"og:title\" content=\"Nos services | Rubix Marketing - Montreal consultancy specializing in brand strategy.\" \/>\n<meta property=\"og:description\" content=\"Notre \u00e9quipe interne pilote l\u2019ex\u00e9cution de votre plan marketing de A \u00e0 Z. Nous sommes \u00e0 vos c\u00f4t\u00e9s \u00e0 chaque \u00e9tape \u2013 du d\u00e9veloppement de la marque au lancement de la campagne et m\u00eame apr\u00e8s. D\u00e9termin\u00e9s \u00e0 faire les choses autrement, nous changeons la fa\u00e7on dont les marques sont mises en march\u00e9.\" \/>\n<meta property=\"og:url\" content=\"https:\/\/rubixmarketing.ca\/fr\/nos-services\/\" \/>\n<meta property=\"og:site_name\" content=\"Rubix Marketing\" \/>\n<meta property=\"article:modified_time\" content=\"2024-02-21T15:48:44+00:00\" \/>\n<meta property=\"og:image\" content=\"https:\/\/rubixmarketing.ca\/wp-content\/uploads\/2024\/02\/social.png\" \/>\n\t<meta property=\"og:image:width\" content=\"1200\" \/>\n\t<meta property=\"og:image:height\" content=\"628\" \/>\n\t<meta property=\"og:image:type\" content=\"image\/png\" \/>\n<meta name=\"twitter:card\" content=\"summary_large_image\" \/>\n<script type=\"application\/ld+json\" class=\"yoast-schema-graph\">{\"@context\":\"https:\\\/\\\/schema.org\",\"@graph\":[{\"@type\":\"WebPage\",\"@id\":\"https:\\\/\\\/rubixmarketing.ca\\\/fr\\\/nos-services\\\/\",\"url\":\"https:\\\/\\\/rubixmarketing.ca\\\/fr\\\/nos-services\\\/\",\"name\":\"Nos services | Rubix Marketing - Montreal consultancy specializing in brand strategy.\",\"isPartOf\":{\"@id\":\"https:\\\/\\\/rubixmarketing.ca\\\/fr\\\/#website\"},\"primaryImageOfPage\":{\"@id\":\"https:\\\/\\\/rubixmarketing.ca\\\/fr\\\/nos-services\\\/#primaryimage\"},\"image\":{\"@id\":\"https:\\\/\\\/rubixmarketing.ca\\\/fr\\\/nos-services\\\/#primaryimage\"},\"thumbnailUrl\":\"https:\\\/\\\/rubixmarketing.ca\\\/wp-content\\\/uploads\\\/2024\\\/02\\\/social.png\",\"datePublished\":\"2023-06-27T20:26:02+00:00\",\"dateModified\":\"2024-02-21T15:48:44+00:00\",\"description\":\"Notre \u00e9quipe interne pilote l\u2019ex\u00e9cution de votre plan marketing de A \u00e0 Z. Nous sommes \u00e0 vos c\u00f4t\u00e9s \u00e0 chaque \u00e9tape \u2013 du d\u00e9veloppement de la marque au lancement de la campagne et m\u00eame apr\u00e8s. D\u00e9termin\u00e9s \u00e0 faire les choses autrement, nous changeons la fa\u00e7on dont les marques sont mises en march\u00e9.\",\"breadcrumb\":{\"@id\":\"https:\\\/\\\/rubixmarketing.ca\\\/fr\\\/nos-services\\\/#breadcrumb\"},\"inLanguage\":\"fr-FR\",\"potentialAction\":[{\"@type\":\"ReadAction\",\"target\":[\"https:\\\/\\\/rubixmarketing.ca\\\/fr\\\/nos-services\\\/\"]}]},{\"@type\":\"ImageObject\",\"inLanguage\":\"fr-FR\",\"@id\":\"https:\\\/\\\/rubixmarketing.ca\\\/fr\\\/nos-services\\\/#primaryimage\",\"url\":\"https:\\\/\\\/rubixmarketing.ca\\\/wp-content\\\/uploads\\\/2024\\\/02\\\/social.png\",\"contentUrl\":\"https:\\\/\\\/rubixmarketing.ca\\\/wp-content\\\/uploads\\\/2024\\\/02\\\/social.png\",\"width\":1200,\"height\":628},{\"@type\":\"BreadcrumbList\",\"@id\":\"https:\\\/\\\/rubixmarketing.ca\\\/fr\\\/nos-services\\\/#breadcrumb\",\"itemListElement\":[{\"@type\":\"ListItem\",\"position\":1,\"name\":\"Home\",\"item\":\"https:\\\/\\\/rubixmarketing.ca\\\/fr\\\/\"},{\"@type\":\"ListItem\",\"position\":2,\"name\":\"Nos services\"}]},{\"@type\":\"WebSite\",\"@id\":\"https:\\\/\\\/rubixmarketing.ca\\\/fr\\\/#website\",\"url\":\"https:\\\/\\\/rubixmarketing.ca\\\/fr\\\/\",\"name\":\"Rubix Marketing\",\"description\":\"Montreal consultancy specializing in brand strategy.\",\"potentialAction\":[{\"@type\":\"SearchAction\",\"target\":{\"@type\":\"EntryPoint\",\"urlTemplate\":\"https:\\\/\\\/rubixmarketing.ca\\\/fr\\\/?s={search_term_string}\"},\"query-input\":{\"@type\":\"PropertyValueSpecification\",\"valueRequired\":true,\"valueName\":\"search_term_string\"}}],\"inLanguage\":\"fr-FR\"}]}<\/script>\n<!-- \/ Yoast SEO plugin. -->","yoast_head_json":{"title":"Nos services | Rubix Marketing - Montreal consultancy specializing in brand strategy.","description":"Notre \u00e9quipe interne pilote l\u2019ex\u00e9cution de votre plan marketing de A \u00e0 Z. Nous sommes \u00e0 vos c\u00f4t\u00e9s \u00e0 chaque \u00e9tape \u2013 du d\u00e9veloppement de la marque au lancement de la campagne et m\u00eame apr\u00e8s. D\u00e9termin\u00e9s \u00e0 faire les choses autrement, nous changeons la fa\u00e7on dont les marques sont mises en march\u00e9.","robots":{"index":"index","follow":"follow","max-snippet":"max-snippet:-1","max-image-preview":"max-image-preview:large","max-video-preview":"max-video-preview:-1"},"canonical":"https:\/\/rubixmarketing.ca\/fr\/nos-services\/","og_locale":"fr_FR","og_type":"article","og_title":"Nos services | Rubix Marketing - Montreal consultancy specializing in brand strategy.","og_description":"Notre \u00e9quipe interne pilote l\u2019ex\u00e9cution de votre plan marketing de A \u00e0 Z. Nous sommes \u00e0 vos c\u00f4t\u00e9s \u00e0 chaque \u00e9tape \u2013 du d\u00e9veloppement de la marque au lancement de la campagne et m\u00eame apr\u00e8s. D\u00e9termin\u00e9s \u00e0 faire les choses autrement, nous changeons la fa\u00e7on dont les marques sont mises en march\u00e9.","og_url":"https:\/\/rubixmarketing.ca\/fr\/nos-services\/","og_site_name":"Rubix Marketing","article_modified_time":"2024-02-21T15:48:44+00:00","og_image":[{"width":1200,"height":628,"url":"https:\/\/rubixmarketing.ca\/wp-content\/uploads\/2024\/02\/social.png","type":"image\/png"}],"twitter_card":"summary_large_image","schema":{"@context":"https:\/\/schema.org","@graph":[{"@type":"WebPage","@id":"https:\/\/rubixmarketing.ca\/fr\/nos-services\/","url":"https:\/\/rubixmarketing.ca\/fr\/nos-services\/","name":"Nos services | Rubix Marketing - Montreal consultancy specializing in brand strategy.","isPartOf":{"@id":"https:\/\/rubixmarketing.ca\/fr\/#website"},"primaryImageOfPage":{"@id":"https:\/\/rubixmarketing.ca\/fr\/nos-services\/#primaryimage"},"image":{"@id":"https:\/\/rubixmarketing.ca\/fr\/nos-services\/#primaryimage"},"thumbnailUrl":"https:\/\/rubixmarketing.ca\/wp-content\/uploads\/2024\/02\/social.png","datePublished":"2023-06-27T20:26:02+00:00","dateModified":"2024-02-21T15:48:44+00:00","description":"Notre \u00e9quipe interne pilote l\u2019ex\u00e9cution de votre plan marketing de A \u00e0 Z. Nous sommes \u00e0 vos c\u00f4t\u00e9s \u00e0 chaque \u00e9tape \u2013 du d\u00e9veloppement de la marque au lancement de la campagne et m\u00eame apr\u00e8s. D\u00e9termin\u00e9s \u00e0 faire les choses autrement, nous changeons la fa\u00e7on dont les marques sont mises en march\u00e9.","breadcrumb":{"@id":"https:\/\/rubixmarketing.ca\/fr\/nos-services\/#breadcrumb"},"inLanguage":"fr-FR","potentialAction":[{"@type":"ReadAction","target":["https:\/\/rubixmarketing.ca\/fr\/nos-services\/"]}]},{"@type":"ImageObject","inLanguage":"fr-FR","@id":"https:\/\/rubixmarketing.ca\/fr\/nos-services\/#primaryimage","url":"https:\/\/rubixmarketing.ca\/wp-content\/uploads\/2024\/02\/social.png","contentUrl":"https:\/\/rubixmarketing.ca\/wp-content\/uploads\/2024\/02\/social.png","width":1200,"height":628},{"@type":"BreadcrumbList","@id":"https:\/\/rubixmarketing.ca\/fr\/nos-services\/#breadcrumb","itemListElement":[{"@type":"ListItem","position":1,"name":"Home","item":"https:\/\/rubixmarketing.ca\/fr\/"},{"@type":"ListItem","position":2,"name":"Nos services"}]},{"@type":"WebSite","@id":"https:\/\/rubixmarketing.ca\/fr\/#website","url":"https:\/\/rubixmarketing.ca\/fr\/","name":"Rubix Marketing","description":"Montreal consultancy specializing in brand strategy.","potentialAction":[{"@type":"SearchAction","target":{"@type":"EntryPoint","urlTemplate":"https:\/\/rubixmarketing.ca\/fr\/?s={search_term_string}"},"query-input":{"@type":"PropertyValueSpecification","valueRequired":true,"valueName":"search_term_string"}}],"inLanguage":"fr-FR"}]}},"_links":{"self":[{"href":"https:\/\/rubixmarketing.ca\/fr\/wp-json\/wp\/v2\/pages\/579","targetHints":{"allow":["GET"]}}],"collection":[{"href":"https:\/\/rubixmarketing.ca\/fr\/wp-json\/wp\/v2\/pages"}],"about":[{"href":"https:\/\/rubixmarketing.ca\/fr\/wp-json\/wp\/v2\/types\/page"}],"author":[{"embeddable":true,"href":"https:\/\/rubixmarketing.ca\/fr\/wp-json\/wp\/v2\/users\/1"}],"replies":[{"embeddable":true,"href":"https:\/\/rubixmarketing.ca\/fr\/wp-json\/wp\/v2\/comments?post=579"}],"version-history":[{"count":0,"href":"https:\/\/rubixmarketing.ca\/fr\/wp-json\/wp\/v2\/pages\/579\/revisions"}],"wp:featuredmedia":[{"embeddable":true,"href":"https:\/\/rubixmarketing.ca\/fr\/wp-json\/wp\/v2\/media\/1624"}],"wp:attachment":[{"href":"https:\/\/rubixmarketing.ca\/fr\/wp-json\/wp\/v2\/media?parent=579"}],"curies":[{"name":"wp","href":"https:\/\/api.w.org\/{rel}","templated":true}]}}