{"id":568,"date":"2023-06-27T15:46:46","date_gmt":"2023-06-27T19:46:46","guid":{"rendered":"https:\/\/rubix.cultureinspired.com\/home-copy\/"},"modified":"2024-04-19T09:07:39","modified_gmt":"2024-04-19T13:07:39","slug":"accueil","status":"publish","type":"page","link":"https:\/\/rubixmarketing.ca\/fr\/","title":{"rendered":"Accueil"},"content":{"rendered":"","protected":false},"excerpt":{"rendered":"","protected":false},"author":1,"featured_media":0,"parent":0,"menu_order":0,"comment_status":"closed","ping_status":"closed","template":"index.php","meta":{"_acf_changed":false,"footnotes":""},"class_list":["post-568","page","type-page","status-publish","hentry"],"acf":[],"yoast_head":"<!-- This site is optimized with the Yoast SEO plugin v27.3 - https:\/\/yoast.com\/product\/yoast-seo-wordpress\/ -->\n<title>Rubix Marketing | Montreal consultancy specializing in brand strategy.<\/title>\n<meta name=\"description\" content=\"Rubix Marketing propose des services de planification strat\u00e9gique et de conseil en marketing pour aider les entreprises \u00e0 r\u00e9aliser leur potentiel. Nous construisons le cadre pour vous aider \u00e0 aller plus loin.\" \/>\n<meta name=\"robots\" content=\"index, follow, max-snippet:-1, max-image-preview:large, max-video-preview:-1\" \/>\n<link rel=\"canonical\" href=\"https:\/\/rubixmarketing.ca\/fr\/\" \/>\n<meta property=\"og:locale\" content=\"fr_FR\" \/>\n<meta property=\"og:type\" content=\"article\" \/>\n<meta property=\"og:title\" content=\"Rubix Marketing | Montreal consultancy specializing in brand strategy.\" \/>\n<meta property=\"og:description\" content=\"Rubix Marketing propose des services de planification strat\u00e9gique et de conseil en marketing pour aider les entreprises \u00e0 r\u00e9aliser leur potentiel. Nous construisons le cadre pour vous aider \u00e0 aller plus loin.\" \/>\n<meta property=\"og:url\" content=\"https:\/\/rubixmarketing.ca\/fr\/\" \/>\n<meta property=\"og:site_name\" content=\"Rubix Marketing\" \/>\n<meta property=\"article:modified_time\" content=\"2024-04-19T13:07:39+00:00\" \/>\n<meta name=\"twitter:card\" content=\"summary_large_image\" \/>\n<script type=\"application\/ld+json\" class=\"yoast-schema-graph\">{\"@context\":\"https:\\\/\\\/schema.org\",\"@graph\":[{\"@type\":\"WebPage\",\"@id\":\"https:\\\/\\\/rubixmarketing.ca\\\/fr\\\/\",\"url\":\"https:\\\/\\\/rubixmarketing.ca\\\/fr\\\/\",\"name\":\"Rubix Marketing | Montreal consultancy specializing in brand strategy.\",\"isPartOf\":{\"@id\":\"https:\\\/\\\/rubixmarketing.ca\\\/fr\\\/#website\"},\"datePublished\":\"2023-06-27T19:46:46+00:00\",\"dateModified\":\"2024-04-19T13:07:39+00:00\",\"description\":\"Rubix Marketing propose des services de planification strat\u00e9gique et de conseil en marketing pour aider les entreprises \u00e0 r\u00e9aliser leur potentiel. Nous construisons le cadre pour vous aider \u00e0 aller plus loin.\",\"breadcrumb\":{\"@id\":\"https:\\\/\\\/rubixmarketing.ca\\\/fr\\\/#breadcrumb\"},\"inLanguage\":\"fr-FR\",\"potentialAction\":[{\"@type\":\"ReadAction\",\"target\":[\"https:\\\/\\\/rubixmarketing.ca\\\/fr\\\/\"]}]},{\"@type\":\"BreadcrumbList\",\"@id\":\"https:\\\/\\\/rubixmarketing.ca\\\/fr\\\/#breadcrumb\",\"itemListElement\":[{\"@type\":\"ListItem\",\"position\":1,\"name\":\"Home\",\"item\":\"https:\\\/\\\/rubixmarketing.ca\\\/fr\\\/\"},{\"@type\":\"ListItem\",\"position\":2,\"name\":\"Accueil\"}]},{\"@type\":\"WebSite\",\"@id\":\"https:\\\/\\\/rubixmarketing.ca\\\/fr\\\/#website\",\"url\":\"https:\\\/\\\/rubixmarketing.ca\\\/fr\\\/\",\"name\":\"Rubix Marketing\",\"description\":\"Montreal consultancy specializing in brand strategy.\",\"potentialAction\":[{\"@type\":\"SearchAction\",\"target\":{\"@type\":\"EntryPoint\",\"urlTemplate\":\"https:\\\/\\\/rubixmarketing.ca\\\/fr\\\/?s={search_term_string}\"},\"query-input\":{\"@type\":\"PropertyValueSpecification\",\"valueRequired\":true,\"valueName\":\"search_term_string\"}}],\"inLanguage\":\"fr-FR\"}]}<\/script>\n<!-- \/ Yoast SEO plugin. -->","yoast_head_json":{"title":"Rubix Marketing | Montreal consultancy specializing in brand strategy.","description":"Rubix Marketing propose des services de planification strat\u00e9gique et de conseil en marketing pour aider les entreprises \u00e0 r\u00e9aliser leur potentiel. Nous construisons le cadre pour vous aider \u00e0 aller plus loin.","robots":{"index":"index","follow":"follow","max-snippet":"max-snippet:-1","max-image-preview":"max-image-preview:large","max-video-preview":"max-video-preview:-1"},"canonical":"https:\/\/rubixmarketing.ca\/fr\/","og_locale":"fr_FR","og_type":"article","og_title":"Rubix Marketing | Montreal consultancy specializing in brand strategy.","og_description":"Rubix Marketing propose des services de planification strat\u00e9gique et de conseil en marketing pour aider les entreprises \u00e0 r\u00e9aliser leur potentiel. Nous construisons le cadre pour vous aider \u00e0 aller plus loin.","og_url":"https:\/\/rubixmarketing.ca\/fr\/","og_site_name":"Rubix Marketing","article_modified_time":"2024-04-19T13:07:39+00:00","twitter_card":"summary_large_image","schema":{"@context":"https:\/\/schema.org","@graph":[{"@type":"WebPage","@id":"https:\/\/rubixmarketing.ca\/fr\/","url":"https:\/\/rubixmarketing.ca\/fr\/","name":"Rubix Marketing | Montreal consultancy specializing in brand strategy.","isPartOf":{"@id":"https:\/\/rubixmarketing.ca\/fr\/#website"},"datePublished":"2023-06-27T19:46:46+00:00","dateModified":"2024-04-19T13:07:39+00:00","description":"Rubix Marketing propose des services de planification strat\u00e9gique et de conseil en marketing pour aider les entreprises \u00e0 r\u00e9aliser leur potentiel. Nous construisons le cadre pour vous aider \u00e0 aller plus loin.","breadcrumb":{"@id":"https:\/\/rubixmarketing.ca\/fr\/#breadcrumb"},"inLanguage":"fr-FR","potentialAction":[{"@type":"ReadAction","target":["https:\/\/rubixmarketing.ca\/fr\/"]}]},{"@type":"BreadcrumbList","@id":"https:\/\/rubixmarketing.ca\/fr\/#breadcrumb","itemListElement":[{"@type":"ListItem","position":1,"name":"Home","item":"https:\/\/rubixmarketing.ca\/fr\/"},{"@type":"ListItem","position":2,"name":"Accueil"}]},{"@type":"WebSite","@id":"https:\/\/rubixmarketing.ca\/fr\/#website","url":"https:\/\/rubixmarketing.ca\/fr\/","name":"Rubix Marketing","description":"Montreal consultancy specializing in brand strategy.","potentialAction":[{"@type":"SearchAction","target":{"@type":"EntryPoint","urlTemplate":"https:\/\/rubixmarketing.ca\/fr\/?s={search_term_string}"},"query-input":{"@type":"PropertyValueSpecification","valueRequired":true,"valueName":"search_term_string"}}],"inLanguage":"fr-FR"}]}},"_links":{"self":[{"href":"https:\/\/rubixmarketing.ca\/fr\/wp-json\/wp\/v2\/pages\/568","targetHints":{"allow":["GET"]}}],"collection":[{"href":"https:\/\/rubixmarketing.ca\/fr\/wp-json\/wp\/v2\/pages"}],"about":[{"href":"https:\/\/rubixmarketing.ca\/fr\/wp-json\/wp\/v2\/types\/page"}],"author":[{"embeddable":true,"href":"https:\/\/rubixmarketing.ca\/fr\/wp-json\/wp\/v2\/users\/1"}],"replies":[{"embeddable":true,"href":"https:\/\/rubixmarketing.ca\/fr\/wp-json\/wp\/v2\/comments?post=568"}],"version-history":[{"count":0,"href":"https:\/\/rubixmarketing.ca\/fr\/wp-json\/wp\/v2\/pages\/568\/revisions"}],"wp:attachment":[{"href":"https:\/\/rubixmarketing.ca\/fr\/wp-json\/wp\/v2\/media?parent=568"}],"curies":[{"name":"wp","href":"https:\/\/api.w.org\/{rel}","templated":true}]}}