{"id":2264,"date":"2026-04-30T16:39:28","date_gmt":"2026-04-30T20:39:28","guid":{"rendered":"https:\/\/rubixmarketing.ca\/?page_id=2264"},"modified":"2026-05-04T09:19:29","modified_gmt":"2026-05-04T13:19:29","slug":"foire-aux-questions","status":"publish","type":"page","link":"https:\/\/rubixmarketing.ca\/fr\/foire-aux-questions\/","title":{"rendered":"Foire aux questions"},"content":{"rendered":"","protected":false},"excerpt":{"rendered":"","protected":false},"author":1,"featured_media":1623,"parent":0,"menu_order":0,"comment_status":"closed","ping_status":"closed","template":"page--faq.php","meta":{"_acf_changed":false,"footnotes":""},"class_list":["post-2264","page","type-page","status-publish","has-post-thumbnail","hentry"],"acf":[],"yoast_head":"<!-- This site is optimized with the Yoast SEO plugin v27.5 - https:\/\/yoast.com\/product\/yoast-seo-wordpress\/ -->\n<title>Foire aux questions | Rubix Marketing - Montreal consultancy specializing in brand strategy.<\/title>\n<meta name=\"description\" content=\"Rubix Marketing est une agence marketing ax\u00e9e sur la strat\u00e9gie, bas\u00e9e \u00e0 Montr\u00e9al, qui accompagne des entreprises partout au Canada et aux \u00c9tats-Unis. Voici les r\u00e9ponses aux questions que nous recevons le plus souvent de la part des fondateurs, responsables marketing et \u00e9quipes de d\u00e9veloppement.\" \/>\n<meta name=\"robots\" content=\"index, follow, max-snippet:-1, max-image-preview:large, max-video-preview:-1\" \/>\n<link rel=\"canonical\" href=\"https:\/\/rubixmarketing.ca\/fr\/foire-aux-questions\/\" \/>\n<meta property=\"og:locale\" content=\"fr_FR\" \/>\n<meta property=\"og:type\" content=\"article\" \/>\n<meta property=\"og:title\" content=\"Foire aux questions | Rubix Marketing - Montreal consultancy specializing in brand strategy.\" \/>\n<meta property=\"og:description\" content=\"Rubix Marketing est une agence marketing ax\u00e9e sur la strat\u00e9gie, bas\u00e9e \u00e0 Montr\u00e9al, qui accompagne des entreprises partout au Canada et aux \u00c9tats-Unis. Voici les r\u00e9ponses aux questions que nous recevons le plus souvent de la part des fondateurs, responsables marketing et \u00e9quipes de d\u00e9veloppement.\" \/>\n<meta property=\"og:url\" content=\"https:\/\/rubixmarketing.ca\/fr\/foire-aux-questions\/\" \/>\n<meta property=\"og:site_name\" content=\"Rubix Marketing\" \/>\n<meta property=\"article:modified_time\" content=\"2026-05-04T13:19:29+00:00\" \/>\n<meta property=\"og:image\" content=\"https:\/\/rubixmarketing.ca\/wp-content\/uploads\/2024\/02\/social.png\" \/>\n\t<meta property=\"og:image:width\" content=\"1200\" \/>\n\t<meta property=\"og:image:height\" content=\"628\" \/>\n\t<meta property=\"og:image:type\" content=\"image\/png\" \/>\n<meta name=\"twitter:card\" content=\"summary_large_image\" \/>\n<script type=\"application\/ld+json\" class=\"yoast-schema-graph\">{\"@context\":\"https:\\\/\\\/schema.org\",\"@graph\":[{\"@type\":\"WebPage\",\"@id\":\"https:\\\/\\\/rubixmarketing.ca\\\/fr\\\/foire-aux-questions\\\/\",\"url\":\"https:\\\/\\\/rubixmarketing.ca\\\/fr\\\/foire-aux-questions\\\/\",\"name\":\"Foire aux questions | Rubix Marketing - Montreal consultancy specializing in brand strategy.\",\"isPartOf\":{\"@id\":\"https:\\\/\\\/rubixmarketing.ca\\\/fr\\\/#website\"},\"primaryImageOfPage\":{\"@id\":\"https:\\\/\\\/rubixmarketing.ca\\\/fr\\\/foire-aux-questions\\\/#primaryimage\"},\"image\":{\"@id\":\"https:\\\/\\\/rubixmarketing.ca\\\/fr\\\/foire-aux-questions\\\/#primaryimage\"},\"thumbnailUrl\":\"https:\\\/\\\/rubixmarketing.ca\\\/wp-content\\\/uploads\\\/2024\\\/02\\\/social.png\",\"datePublished\":\"2026-04-30T20:39:28+00:00\",\"dateModified\":\"2026-05-04T13:19:29+00:00\",\"description\":\"Rubix Marketing est une agence marketing ax\u00e9e sur la strat\u00e9gie, bas\u00e9e \u00e0 Montr\u00e9al, qui accompagne des entreprises partout au Canada et aux \u00c9tats-Unis. Voici les r\u00e9ponses aux questions que nous recevons le plus souvent de la part des fondateurs, responsables marketing et \u00e9quipes de d\u00e9veloppement.\",\"breadcrumb\":{\"@id\":\"https:\\\/\\\/rubixmarketing.ca\\\/fr\\\/foire-aux-questions\\\/#breadcrumb\"},\"inLanguage\":\"fr-FR\",\"potentialAction\":[{\"@type\":\"ReadAction\",\"target\":[\"https:\\\/\\\/rubixmarketing.ca\\\/fr\\\/foire-aux-questions\\\/\"]}]},{\"@type\":\"ImageObject\",\"inLanguage\":\"fr-FR\",\"@id\":\"https:\\\/\\\/rubixmarketing.ca\\\/fr\\\/foire-aux-questions\\\/#primaryimage\",\"url\":\"https:\\\/\\\/rubixmarketing.ca\\\/wp-content\\\/uploads\\\/2024\\\/02\\\/social.png\",\"contentUrl\":\"https:\\\/\\\/rubixmarketing.ca\\\/wp-content\\\/uploads\\\/2024\\\/02\\\/social.png\",\"width\":1200,\"height\":628},{\"@type\":\"BreadcrumbList\",\"@id\":\"https:\\\/\\\/rubixmarketing.ca\\\/fr\\\/foire-aux-questions\\\/#breadcrumb\",\"itemListElement\":[{\"@type\":\"ListItem\",\"position\":1,\"name\":\"Home\",\"item\":\"https:\\\/\\\/rubixmarketing.ca\\\/fr\\\/\"},{\"@type\":\"ListItem\",\"position\":2,\"name\":\"Foire aux questions\"}]},{\"@type\":\"WebSite\",\"@id\":\"https:\\\/\\\/rubixmarketing.ca\\\/fr\\\/#website\",\"url\":\"https:\\\/\\\/rubixmarketing.ca\\\/fr\\\/\",\"name\":\"Rubix Marketing\",\"description\":\"Montreal consultancy specializing in brand strategy.\",\"potentialAction\":[{\"@type\":\"SearchAction\",\"target\":{\"@type\":\"EntryPoint\",\"urlTemplate\":\"https:\\\/\\\/rubixmarketing.ca\\\/fr\\\/?s={search_term_string}\"},\"query-input\":{\"@type\":\"PropertyValueSpecification\",\"valueRequired\":true,\"valueName\":\"search_term_string\"}}],\"inLanguage\":\"fr-FR\"}]}<\/script>\n<!-- \/ Yoast SEO plugin. -->","yoast_head_json":{"title":"Foire aux questions | Rubix Marketing - Montreal consultancy specializing in brand strategy.","description":"Rubix Marketing est une agence marketing ax\u00e9e sur la strat\u00e9gie, bas\u00e9e \u00e0 Montr\u00e9al, qui accompagne des entreprises partout au Canada et aux \u00c9tats-Unis. Voici les r\u00e9ponses aux questions que nous recevons le plus souvent de la part des fondateurs, responsables marketing et \u00e9quipes de d\u00e9veloppement.","robots":{"index":"index","follow":"follow","max-snippet":"max-snippet:-1","max-image-preview":"max-image-preview:large","max-video-preview":"max-video-preview:-1"},"canonical":"https:\/\/rubixmarketing.ca\/fr\/foire-aux-questions\/","og_locale":"fr_FR","og_type":"article","og_title":"Foire aux questions | Rubix Marketing - Montreal consultancy specializing in brand strategy.","og_description":"Rubix Marketing est une agence marketing ax\u00e9e sur la strat\u00e9gie, bas\u00e9e \u00e0 Montr\u00e9al, qui accompagne des entreprises partout au Canada et aux \u00c9tats-Unis. Voici les r\u00e9ponses aux questions que nous recevons le plus souvent de la part des fondateurs, responsables marketing et \u00e9quipes de d\u00e9veloppement.","og_url":"https:\/\/rubixmarketing.ca\/fr\/foire-aux-questions\/","og_site_name":"Rubix Marketing","article_modified_time":"2026-05-04T13:19:29+00:00","og_image":[{"width":1200,"height":628,"url":"https:\/\/rubixmarketing.ca\/wp-content\/uploads\/2024\/02\/social.png","type":"image\/png"}],"twitter_card":"summary_large_image","schema":{"@context":"https:\/\/schema.org","@graph":[{"@type":"WebPage","@id":"https:\/\/rubixmarketing.ca\/fr\/foire-aux-questions\/","url":"https:\/\/rubixmarketing.ca\/fr\/foire-aux-questions\/","name":"Foire aux questions | Rubix Marketing - Montreal consultancy specializing in brand strategy.","isPartOf":{"@id":"https:\/\/rubixmarketing.ca\/fr\/#website"},"primaryImageOfPage":{"@id":"https:\/\/rubixmarketing.ca\/fr\/foire-aux-questions\/#primaryimage"},"image":{"@id":"https:\/\/rubixmarketing.ca\/fr\/foire-aux-questions\/#primaryimage"},"thumbnailUrl":"https:\/\/rubixmarketing.ca\/wp-content\/uploads\/2024\/02\/social.png","datePublished":"2026-04-30T20:39:28+00:00","dateModified":"2026-05-04T13:19:29+00:00","description":"Rubix Marketing est une agence marketing ax\u00e9e sur la strat\u00e9gie, bas\u00e9e \u00e0 Montr\u00e9al, qui accompagne des entreprises partout au Canada et aux \u00c9tats-Unis. Voici les r\u00e9ponses aux questions que nous recevons le plus souvent de la part des fondateurs, responsables marketing et \u00e9quipes de d\u00e9veloppement.","breadcrumb":{"@id":"https:\/\/rubixmarketing.ca\/fr\/foire-aux-questions\/#breadcrumb"},"inLanguage":"fr-FR","potentialAction":[{"@type":"ReadAction","target":["https:\/\/rubixmarketing.ca\/fr\/foire-aux-questions\/"]}]},{"@type":"ImageObject","inLanguage":"fr-FR","@id":"https:\/\/rubixmarketing.ca\/fr\/foire-aux-questions\/#primaryimage","url":"https:\/\/rubixmarketing.ca\/wp-content\/uploads\/2024\/02\/social.png","contentUrl":"https:\/\/rubixmarketing.ca\/wp-content\/uploads\/2024\/02\/social.png","width":1200,"height":628},{"@type":"BreadcrumbList","@id":"https:\/\/rubixmarketing.ca\/fr\/foire-aux-questions\/#breadcrumb","itemListElement":[{"@type":"ListItem","position":1,"name":"Home","item":"https:\/\/rubixmarketing.ca\/fr\/"},{"@type":"ListItem","position":2,"name":"Foire aux questions"}]},{"@type":"WebSite","@id":"https:\/\/rubixmarketing.ca\/fr\/#website","url":"https:\/\/rubixmarketing.ca\/fr\/","name":"Rubix Marketing","description":"Montreal consultancy specializing in brand strategy.","potentialAction":[{"@type":"SearchAction","target":{"@type":"EntryPoint","urlTemplate":"https:\/\/rubixmarketing.ca\/fr\/?s={search_term_string}"},"query-input":{"@type":"PropertyValueSpecification","valueRequired":true,"valueName":"search_term_string"}}],"inLanguage":"fr-FR"}]}},"_links":{"self":[{"href":"https:\/\/rubixmarketing.ca\/fr\/wp-json\/wp\/v2\/pages\/2264","targetHints":{"allow":["GET"]}}],"collection":[{"href":"https:\/\/rubixmarketing.ca\/fr\/wp-json\/wp\/v2\/pages"}],"about":[{"href":"https:\/\/rubixmarketing.ca\/fr\/wp-json\/wp\/v2\/types\/page"}],"author":[{"embeddable":true,"href":"https:\/\/rubixmarketing.ca\/fr\/wp-json\/wp\/v2\/users\/1"}],"replies":[{"embeddable":true,"href":"https:\/\/rubixmarketing.ca\/fr\/wp-json\/wp\/v2\/comments?post=2264"}],"version-history":[{"count":5,"href":"https:\/\/rubixmarketing.ca\/fr\/wp-json\/wp\/v2\/pages\/2264\/revisions"}],"predecessor-version":[{"id":2272,"href":"https:\/\/rubixmarketing.ca\/fr\/wp-json\/wp\/v2\/pages\/2264\/revisions\/2272"}],"wp:featuredmedia":[{"embeddable":true,"href":"https:\/\/rubixmarketing.ca\/fr\/wp-json\/wp\/v2\/media\/1623"}],"wp:attachment":[{"href":"https:\/\/rubixmarketing.ca\/fr\/wp-json\/wp\/v2\/media?parent=2264"}],"curies":[{"name":"wp","href":"https:\/\/api.w.org\/{rel}","templated":true}]}}